{"id":28,"date":"2019-06-03T15:49:36","date_gmt":"2019-06-03T15:49:36","guid":{"rendered":"https:\/\/drkalberer.ch\/?page_id=28"},"modified":"2023-09-04T12:15:41","modified_gmt":"2023-09-04T12:15:41","slug":"impressum","status":"publish","type":"page","link":"https:\/\/www.drkalberer.ch\/de\/impressum\/","title":{"rendered":"Impressum"},"content":{"rendered":"\r\n<h2 class=\"wp-block-heading\">Kontaktadresse<\/h2>\r\n\r\n\r\n\r\n<p>Dr. med. Urs Kalberer\u00a0<br \/>R\u00fcschlistrasse 18<br \/>2502 Biel\/Bienne<\/p>\r\n\r\n\r\n\r\n<h2 class=\"wp-block-heading\">Haftungsausschluss<\/h2>\r\n\r\n\r\n\r\n<p>Dr. med. Urs Kalberer \u00fcbernimmt keinerlei Gew\u00e4hr f\u00fcr die Aktualit\u00e4t, Korrektheit, Vollst\u00e4ndigkeit oder Qualit\u00e4t der bereitgestellten Informationen. Haftungsanspr\u00fcche gegen Dr. med. Urs Kalberer, welche sich auf Sch\u00e4den materieller oder ideeller Art beziehen, die durch die Nutzung oder Nichtnutzung der dargebotenen Informationen bzw. durch die Nutzung fehlerhafter und unvollst\u00e4ndiger Informationen verursacht wurden, sind grunds\u00e4tzlich ausgeschlossen, sofern seitens Dr. med. Urs Kalberer kein nachweislich vors\u00e4tzliches oder grob fahrl\u00e4ssiges Verschulden vorliegt.<\/p>\r\n\r\n\r\n\r\n<p>Alle Angebote sind freibleibend und unverbindlich. Dr. med. Urs Kalberer beh\u00e4lt es sich ausdr\u00fccklich vor, Teile der Seiten oder das gesamte Angebot ohne gesonderte Ank\u00fcndigung zu ver\u00e4ndern, zu erg\u00e4nzen, zu l\u00f6schen oder die Ver\u00f6ffentlichung zeitweise oder endg\u00fcltig einzustellen.<\/p>\r\n\r\n\r\n\r\n<h2 class=\"wp-block-heading\">Haftung f\u00fcr Links<\/h2>\r\n\r\n\r\n\r\n<p>Verweise und Links auf Webseiten Dritter liegen ausserhalb unseres Verantwortungsbereichs. Es wird jegliche Verantwortung f\u00fcr solche Webseiten abgelehnt. Zugriff und Nutzung solcher Webseiten erfolgen auf eigene Gefahr des Nutzers oder der Nutzerin.<\/p>\r\n\r\n\r\n\r\n<h2 class=\"wp-block-heading\">Urheber- und Kennzeichenrecht<\/h2>\r\n\r\n\r\n\r\n<p>Dr. med. Urs Kalberer ist bestrebt, in allen Publikationen die Urheberrechte der verwendeten Bilder, Grafiken, Tondokumente, Videosequenzen und Texte zu beachten, von ihr selbst erstellte Bilder, Grafiken, Tondokumente, Videosequenzen und Texte zu nutzen oder auf lizenzfreie Grafiken, Tondokumente, Videosequenzen und Texte zur\u00fcckzugreifen.<\/p>\r\n\r\n\r\n\r\n<p>Alle innerhalb des Internetangebotes genannten und gegebenenfalls durch Dritte gesch\u00fctzten Marken- und Warenzeichen unterliegen uneingeschr\u00e4nkt den Bestimmungen des jeweils g\u00fcltigen Kennzeichenrechts und den Besitzrechten der jeweiligen eingetragenen Eigent\u00fcmer. Allein aufgrund der blossen Nennung ist nicht der Schluss zu ziehen, dass Markenzeichen nicht durch Rechte Dritter gesch\u00fctzt sind!<\/p>\r\n\r\n\r\n\r\n<p>Das Copyright f\u00fcr ver\u00f6ffentlichte, von Dr. med. Urs Kalberer selbst erstellte Objekte bleibt allein bei Dr. med. Urs Kalberer Eine Vervielf\u00e4ltigung oder Verwendung solcher Grafiken, Tondokumente, Videosequenzen und Texte in anderen elektronischen oder gedruckten Publikationen ist ohne ausdr\u00fcckliche Zustimmung von Dr. med. Urs Kalberer nicht gestattet.<\/p>\r\n","protected":false},"excerpt":{"rendered":"<p>Kontaktadresse Dr. med. Urs Kalberer\u00a0R\u00fcschlistrasse 182502 Biel\/Bienne Haftungsausschluss Dr. med. Urs Kalberer \u00fcbernimmt keinerlei Gew\u00e4hr f\u00fcr die Aktualit\u00e4t, Korrektheit, Vollst\u00e4ndigkeit oder Qualit\u00e4t der bereitgestellten Informationen. Haftungsanspr\u00fcche gegen Dr. med. Urs Kalberer, welche sich auf Sch\u00e4den materieller oder ideeller Art beziehen, die durch die Nutzung oder Nichtnutzung der dargebotenen Informationen bzw. durch die Nutzung fehlerhafter und [&hellip;]<\/p>\n","protected":false},"author":1,"featured_media":0,"parent":0,"menu_order":0,"comment_status":"closed","ping_status":"closed","template":"templates\/impressum.php","meta":{"_acf_changed":false,"footnotes":""},"class_list":["post-28","page","type-page","status-publish","hentry"],"acf":[],"yoast_head":"<!-- This site is optimized with the Yoast SEO plugin v27.5 - https:\/\/yoast.com\/product\/yoast-seo-wordpress\/ -->\n<title>Impressum - Dr Kalberer<\/title>\n<meta name=\"robots\" content=\"index, follow, max-snippet:-1, max-image-preview:large, max-video-preview:-1\" \/>\n<link rel=\"canonical\" href=\"https:\/\/www.drkalberer.ch\/de\/impressum\/\" \/>\n<meta property=\"og:locale\" content=\"de_DE\" \/>\n<meta property=\"og:type\" content=\"article\" \/>\n<meta property=\"og:title\" content=\"Impressum - Dr Kalberer\" \/>\n<meta property=\"og:description\" content=\"Kontaktadresse Dr. med. Urs Kalberer\u00a0R\u00fcschlistrasse 182502 Biel\/Bienne Haftungsausschluss Dr. med. Urs Kalberer \u00fcbernimmt keinerlei Gew\u00e4hr f\u00fcr die Aktualit\u00e4t, Korrektheit, Vollst\u00e4ndigkeit oder Qualit\u00e4t der bereitgestellten Informationen. Haftungsanspr\u00fcche gegen Dr. med. Urs Kalberer, welche sich auf Sch\u00e4den materieller oder ideeller Art beziehen, die durch die Nutzung oder Nichtnutzung der dargebotenen Informationen bzw. durch die Nutzung fehlerhafter und [&hellip;]\" \/>\n<meta property=\"og:url\" content=\"https:\/\/www.drkalberer.ch\/de\/impressum\/\" \/>\n<meta property=\"og:site_name\" content=\"Dr Kalberer\" \/>\n<meta property=\"article:modified_time\" content=\"2023-09-04T12:15:41+00:00\" \/>\n<meta name=\"twitter:card\" content=\"summary_large_image\" \/>\n<meta name=\"twitter:label1\" content=\"Gesch\u00e4tzte Lesezeit\" \/>\n\t<meta name=\"twitter:data1\" content=\"2\u00a0Minuten\" \/>\n<script type=\"application\/ld+json\" class=\"yoast-schema-graph\">{\"@context\":\"https:\\\/\\\/schema.org\",\"@graph\":[{\"@type\":\"WebPage\",\"@id\":\"https:\\\/\\\/www.drkalberer.ch\\\/de\\\/impressum\\\/\",\"url\":\"https:\\\/\\\/www.drkalberer.ch\\\/de\\\/impressum\\\/\",\"name\":\"Impressum - Dr Kalberer\",\"isPartOf\":{\"@id\":\"https:\\\/\\\/www.drkalberer.ch\\\/de\\\/#website\"},\"datePublished\":\"2019-06-03T15:49:36+00:00\",\"dateModified\":\"2023-09-04T12:15:41+00:00\",\"breadcrumb\":{\"@id\":\"https:\\\/\\\/www.drkalberer.ch\\\/de\\\/impressum\\\/#breadcrumb\"},\"inLanguage\":\"de\",\"potentialAction\":[{\"@type\":\"ReadAction\",\"target\":[\"https:\\\/\\\/www.drkalberer.ch\\\/de\\\/impressum\\\/\"]}]},{\"@type\":\"BreadcrumbList\",\"@id\":\"https:\\\/\\\/www.drkalberer.ch\\\/de\\\/impressum\\\/#breadcrumb\",\"itemListElement\":[{\"@type\":\"ListItem\",\"position\":1,\"name\":\"Startseite\",\"item\":\"https:\\\/\\\/www.drkalberer.ch\\\/de\\\/\"},{\"@type\":\"ListItem\",\"position\":2,\"name\":\"Impressum\"}]},{\"@type\":\"WebSite\",\"@id\":\"https:\\\/\\\/www.drkalberer.ch\\\/de\\\/#website\",\"url\":\"https:\\\/\\\/www.drkalberer.ch\\\/de\\\/\",\"name\":\"Dr Kalberer\",\"description\":\"Frauenarzt in Biel\\\/Bienne\",\"potentialAction\":[{\"@type\":\"SearchAction\",\"target\":{\"@type\":\"EntryPoint\",\"urlTemplate\":\"https:\\\/\\\/www.drkalberer.ch\\\/de\\\/?s={search_term_string}\"},\"query-input\":{\"@type\":\"PropertyValueSpecification\",\"valueRequired\":true,\"valueName\":\"search_term_string\"}}],\"inLanguage\":\"de\"}]}<\/script>\n<!-- \/ Yoast SEO plugin. -->","yoast_head_json":{"title":"Impressum - Dr Kalberer","robots":{"index":"index","follow":"follow","max-snippet":"max-snippet:-1","max-image-preview":"max-image-preview:large","max-video-preview":"max-video-preview:-1"},"canonical":"https:\/\/www.drkalberer.ch\/de\/impressum\/","og_locale":"de_DE","og_type":"article","og_title":"Impressum - Dr Kalberer","og_description":"Kontaktadresse Dr. med. Urs Kalberer\u00a0R\u00fcschlistrasse 182502 Biel\/Bienne Haftungsausschluss Dr. med. Urs Kalberer \u00fcbernimmt keinerlei Gew\u00e4hr f\u00fcr die Aktualit\u00e4t, Korrektheit, Vollst\u00e4ndigkeit oder Qualit\u00e4t der bereitgestellten Informationen. Haftungsanspr\u00fcche gegen Dr. med. Urs Kalberer, welche sich auf Sch\u00e4den materieller oder ideeller Art beziehen, die durch die Nutzung oder Nichtnutzung der dargebotenen Informationen bzw. durch die Nutzung fehlerhafter und [&hellip;]","og_url":"https:\/\/www.drkalberer.ch\/de\/impressum\/","og_site_name":"Dr Kalberer","article_modified_time":"2023-09-04T12:15:41+00:00","twitter_card":"summary_large_image","twitter_misc":{"Gesch\u00e4tzte Lesezeit":"2\u00a0Minuten"},"schema":{"@context":"https:\/\/schema.org","@graph":[{"@type":"WebPage","@id":"https:\/\/www.drkalberer.ch\/de\/impressum\/","url":"https:\/\/www.drkalberer.ch\/de\/impressum\/","name":"Impressum - Dr Kalberer","isPartOf":{"@id":"https:\/\/www.drkalberer.ch\/de\/#website"},"datePublished":"2019-06-03T15:49:36+00:00","dateModified":"2023-09-04T12:15:41+00:00","breadcrumb":{"@id":"https:\/\/www.drkalberer.ch\/de\/impressum\/#breadcrumb"},"inLanguage":"de","potentialAction":[{"@type":"ReadAction","target":["https:\/\/www.drkalberer.ch\/de\/impressum\/"]}]},{"@type":"BreadcrumbList","@id":"https:\/\/www.drkalberer.ch\/de\/impressum\/#breadcrumb","itemListElement":[{"@type":"ListItem","position":1,"name":"Startseite","item":"https:\/\/www.drkalberer.ch\/de\/"},{"@type":"ListItem","position":2,"name":"Impressum"}]},{"@type":"WebSite","@id":"https:\/\/www.drkalberer.ch\/de\/#website","url":"https:\/\/www.drkalberer.ch\/de\/","name":"Dr Kalberer","description":"Frauenarzt in Biel\/Bienne","potentialAction":[{"@type":"SearchAction","target":{"@type":"EntryPoint","urlTemplate":"https:\/\/www.drkalberer.ch\/de\/?s={search_term_string}"},"query-input":{"@type":"PropertyValueSpecification","valueRequired":true,"valueName":"search_term_string"}}],"inLanguage":"de"}]}},"_links":{"self":[{"href":"https:\/\/www.drkalberer.ch\/de\/wp-json\/wp\/v2\/pages\/28","targetHints":{"allow":["GET"]}}],"collection":[{"href":"https:\/\/www.drkalberer.ch\/de\/wp-json\/wp\/v2\/pages"}],"about":[{"href":"https:\/\/www.drkalberer.ch\/de\/wp-json\/wp\/v2\/types\/page"}],"author":[{"embeddable":true,"href":"https:\/\/www.drkalberer.ch\/de\/wp-json\/wp\/v2\/users\/1"}],"replies":[{"embeddable":true,"href":"https:\/\/www.drkalberer.ch\/de\/wp-json\/wp\/v2\/comments?post=28"}],"version-history":[{"count":11,"href":"https:\/\/www.drkalberer.ch\/de\/wp-json\/wp\/v2\/pages\/28\/revisions"}],"predecessor-version":[{"id":718,"href":"https:\/\/www.drkalberer.ch\/de\/wp-json\/wp\/v2\/pages\/28\/revisions\/718"}],"wp:attachment":[{"href":"https:\/\/www.drkalberer.ch\/de\/wp-json\/wp\/v2\/media?parent=28"}],"curies":[{"name":"wp","href":"https:\/\/api.w.org\/{rel}","templated":true}]}}